{"id":1880,"date":"2017-12-21T14:10:40","date_gmt":"2017-12-21T13:10:40","guid":{"rendered":"http:\/\/vinigma.ch.verdi.sui-inter.net\/?page_id=1880"},"modified":"2019-01-10T15:42:32","modified_gmt":"2019-01-10T14:42:32","slug":"agb","status":"publish","type":"page","link":"https:\/\/vinigma.ch\/en\/agb\/","title":{"rendered":"Terms of delivery and purchase"},"content":{"rendered":"<div id='av_section_1'  class='avia-section av-av_section-dc90188c05064717d86795cb8405bfbe main_color avia-section-huge avia-no-border-styling  avia-builder-el-0  avia-builder-el-no-sibling  avia-bg-style-scroll av-minimum-height av-minimum-height-50 av-height-50  container_wrap fullsize'   data-av_minimum_height_pc='50' data-av_min_height_opt='50'><div class='container av-section-cont-open' ><main  role=\"main\" itemprop=\"mainContentOfPage\"  class='template-page content  av-content-full alpha units'><div class='post-entry post-entry-type-page post-entry-1880'><div class='entry-content-wrapper clearfix'>\n\n<style type=\"text\/css\" data-created_by=\"avia_inline_auto\" id=\"style-css-av-av_one_fifth-15d750bd1b332b34c6e70b077ebbccdf\">\n.flex_column.av-av_one_fifth-15d750bd1b332b34c6e70b077ebbccdf{\nborder-radius:0px 0px 0px 0px;\npadding:0px 0px 0px 0px;\n}\n<\/style>\n<div  class='flex_column av-av_one_fifth-15d750bd1b332b34c6e70b077ebbccdf av_one_fifth  avia-builder-el-1  el_before_av_three_fifth  avia-builder-el-first  first flex_column_div av-zero-column-padding  '     ><\/div>\n<style type=\"text\/css\" data-created_by=\"avia_inline_auto\" id=\"style-css-av-av_three_fifth-c8fc129dc35fd1ae2a1e410224d39ea8\">\n.flex_column.av-av_three_fifth-c8fc129dc35fd1ae2a1e410224d39ea8{\nborder-radius:0px 0px 0px 0px;\npadding:0px 0px 0px 0px;\n}\n<\/style>\n<div  class='flex_column av-av_three_fifth-c8fc129dc35fd1ae2a1e410224d39ea8 av_three_fifth  avia-builder-el-2  el_after_av_one_fifth  el_before_av_one_fifth  flex_column_div av-zero-column-padding  '     ><p>\n<style type=\"text\/css\" data-created_by=\"avia_inline_auto\" id=\"style-css-av-av_heading-54cba5ce76c8bfc06af3d570ad246cb2\">\n#top .av-special-heading.av-av_heading-54cba5ce76c8bfc06af3d570ad246cb2{\npadding-bottom:50px;\n}\nbody .av-special-heading.av-av_heading-54cba5ce76c8bfc06af3d570ad246cb2 .av-special-heading-tag .heading-char{\nfont-size:25px;\n}\n.av-special-heading.av-av_heading-54cba5ce76c8bfc06af3d570ad246cb2 .av-subheading{\nfont-size:15px;\n}\n<\/style>\n<div  class='av-special-heading av-av_heading-54cba5ce76c8bfc06af3d570ad246cb2 av-special-heading-h1 blockquote modern-quote modern-centered  avia-builder-el-3  el_before_av_textblock  avia-builder-el-first '><h1 class='av-special-heading-tag '  itemprop=\"headline\"  >Terms of delivery and purchase<\/h1><div class='av-subheading av-subheading_below'><p>The terms of the German text apply. Please contact us if any questions arise.<\/p>\n<\/div><div class=\"special-heading-border\"><div class=\"special-heading-inner-border\"><\/div><\/div><\/div><br \/>\n<section  class='av_textblock_section av-jqqq241m-3a0ddebf316072b842fcec989fbf746d '   itemscope=\"itemscope\" itemtype=\"https:\/\/schema.org\/CreativeWork\" ><div class='avia_textblock'  itemprop=\"text\" ><h2>vinigma gmbh AGB<\/h2>\n<h3>1 Gegenstand<\/h3>\n<p>Die folgenden Allgemeinen Gesch\u00e4ftsbedingungen sind die ausschliesslich geltenden Bedingungen der Vertragsbeziehung zwischen vinigma gmbh, als Betreiberin der Webseite \u00abwww.vinigma.ch\u00bb und dem K\u00e4ufer von Produkten und Dienstleistungen, welche auf dieser Webseite angeboten werden (im Folgenden \u00abKunde\u00bb). Die Allgemeinen Gesch\u00e4ftsbedingungen gelten ausschliesslich. Abweichungen von diesen Bedingungen und allf\u00e4llige Nebenabreden sind f\u00fcr vinigma gmbh nur verbindlich, wenn sie schriftlich mit dem Kunden vereinbart werden.<\/p>\n<h3>2. G\u00fcltigkeit der Konditionen<\/h3>\n<p>Sortiments-, Jahrgangs-, Preis- und Konditions\u00e4nderungen, Verf\u00fcgbarkeit sowie eine Korrektur offensichtlicher Irrt\u00fcmer und Tippfehler bleiben vorbehalten. Schadenersatzforderungen infolge offensichtlicher Irrt\u00fcmer und Tippfehler sind ausgeschlossen.<\/p>\n<p>Produktabbildungen<br \/>\nDie Flaschenabbildungen geben nicht zwangsl\u00e4ufig den aktuellen Jahrgang an. Bitte entnehmen Sie den lieferbaren Jahrgang jeweils der Produktbezeichnung. Ferner k\u00f6nnen sich Ausstattung und Verschluss innerhalb einzelner Jahrg\u00e4nge und jahrgangs\u00fcbergreifend \u00e4ndern.<\/p>\n<p>Die Angebote auf der Webseite www.vinigma.ch gelten ausschliesslich f\u00fcr Lieferadressen innerhalb der Schweiz und Liechtenstein.<\/p>\n<h3>3. Preise und Zahlungsbedingungen<\/h3>\n<p>Es gelten die zum Zeitpunkt der Bestellung publizierten Preise. Alle Preise verstehen sich in Schweizer Franken (CHF) inklusive Mehrwertsteuer. vinigma gmbh beh\u00e4lt sich das Recht vor, Preis\u00e4nderungen vorzunehmen. Solche Preis\u00e4nderungen haben keine Auswirkungen auf bereits bestellte Ware.<\/p>\n<p>Die Zahlung der bestellten Ware durch den Kunden erfolgt entweder per Rechnung oder \u00fcber die von ihm gew\u00e4hlte Kreditkarte indem er den Betrag \u00fcber Internet im daf\u00fcr vorgesehenen Eingabefenster zur Zahlung freigibt.<\/p>\n<p>Rechnungen sind zahlbar rein netto innerhalb der angegebenen Zahlungsfrist. Verzugszinsen und Mahnspesen k\u00f6nnen erhoben werden. Die vinigma gmbh beh\u00e4lt sich in einzelnen F\u00e4llen vor, nach dem Eingang der Bestellung eine Bezahlung gegen Vorauskasse zu verlangen.<br \/>\nEin Mindestbestellwert ist bei vinigma gmbh nicht vorgegeben.<\/p>\n<p>Barzahlung<br \/>\nEC-Direct und Bargeld werden nur im vinigma-Weinkeller in Zahlung genommen.<\/p>\n<h3>4. Eigentumsvorbehalt<\/h3>\n<p>Bis zur vollst\u00e4ndigen Bezahlung bleibt die Ware Eigentum der vinigma gmbh. Bei Zahlungsverzug ist die vinigma gmbh berechtigt, vom Kaufvertrag zur\u00fcckzutreten und den Eigentumsvorbehalt bei der zust\u00e4ndigen Beh\u00f6rde eintragen zu lassen.<\/p>\n<h3>5. Rabatt<\/h3>\n<p>Rabatte, insbesondere f\u00fcr Gesch\u00e4ftskunden sind auf Anfrage m\u00f6glich.<br \/>\nAb Kellerei (Solothurnerstrasse 15 in Basel) werden ab Warenwert CHF 100.- chf 2% Abholrabatt gew\u00e4hrt.<br \/>\nRabatte sind nicht kumulierbar. Es gilt jeweils der h\u00f6here Rabatt.<\/p>\n<h3>6. Bestellung<\/h3>\n<p>Die Bestellung, inklusive dem Auftrag f\u00fcr den Versand der bestellten Ware oder erbrachten Dienstleistung gilt als aufgegeben und der Bestellauftrag als angenommen, sobald der Kunde per Internet diese Allgemeinen Gesch\u00e4ftsbedingungen mit dem Ankreuzen der Checkbox \u00abIch habe die Gesch\u00e4ftsbedingungen gelesen und akzeptiert *\u00bb akzeptiert hat sowie die Bestellung ausgel\u00f6st hat.<\/p>\n<h3>7. Lieferung<\/h3>\n<p>Das Liefergebiet umfasst die ganze Schweiz und Liechtenstein. Die bestellte Ware wird an die vom Kunden bei der Bestellung angegebene Lieferaderesse geliefert. Die Lieferung erfolgt in der Regel innert 3-7 Arbeitstagen gegen Unterschrift oder Deponierung. Bei der Lieferung per Deponierung kann die vinigma gmbh im Falle eines Verlustes oder Diebstahls die Haftung nicht \u00fcbernehmen.<\/p>\n<p>Lieferungen innerhalb der Schweiz und Liechtenstein erfolgen per Post (VinoLog), Transporteur oder von der vinigma gmbh. Bei Beanstandungen wegen Verlusts, Besch\u00e4digung, Leckage usw. auf dem Transport wenden Sie sich ausschliesslich an das betreffende Transportunternehmen.<\/p>\n<p>Lieferungen ins Ausland werden auf Anfrage und mit separater Vereinbarung abgewickelt. Lieferkonditionen (INCOTERMS) werden auftragsbezogen vereinbart.<\/p>\n<h3>8. Versandkosten<\/h3>\n<p>Innerhalb der Schweiz und Liechtenstein liefert die vinigma gmbh franko ab CHF 1\u2019000.\u2013 Warenwert.<\/p>\n<p>Die Kosten f\u00fcr Versand, Handling und Verpackung richten sich nach Anzahl Flaschen und Gewicht.<\/p>\n<p>Grundlage zur Berechnung der Lieferkosten per VinoLog sind die Versandkonditionen der Post (VinoLog).<\/p>\n<p>Die Transportkosten via Spediteur richten sich nach den Tarifen des jeweiligen Transportunternehmens.<\/p>\n<p>Die Lieferkosten ins Ausland werden auftragsbezogen be- und verrechnet.<\/p>\n<h3>9. Ersatzwein<\/h3>\n<p>Falls nicht ausdr\u00fccklich anderweitig gew\u00fcnscht, liefern wir ohne R\u00fcckfragen den Nachfolgejahrgang eines ger\u00e4umten Weines, sofern er gleichartig in Sorte, Preis und Qualit\u00e4t ist.<\/p>\n<h3>10. Gew\u00e4hrleistung<\/h3>\n<p>Grunds\u00e4tzlich verpflichtet sich vinigma gmbh nur qualitativ einwandfreie Ware, welche s\u00e4mtliche Anforderungen der schweizerischen Gesetzgebung erf\u00fcllt, auf \u00abwww.vinigma.ch\u00bb anzubieten sowie korrekte Daten bez\u00fcglich Eigenschaften der zum Verkauf stehenden Waren und Dienstleistungen zu publizieren. Wurde falsche oder schadhafte Ware (Bruchflaschen) geliefert, hat der Kunde vinigma gmbh innert f\u00fcnf Arbeitstagen ab Ablieferung, per E-Mail an \u00abviva@vinigma.ch\u00bb oder per Post den Mangel mitzuteilen.<\/p>\n<h3>11. Zapfenweine<\/h3>\n<p>Gem\u00e4ss Beschluss der Generalversammlung des schweiz. Weinh\u00e4ndlerverbandes vom 10. Juni 1988 und auf Grund des Artikels 197 des schweiz. Obligationenrechtes, werden in der Schweiz abgef\u00fcllte Weine innerhalb eines Jahres ab Lieferungsdatum ersetzt oder verg\u00fctet. Im Herkunftsland abgef\u00fcllte Weine werden nicht ersetzt, ausser es handle sich um eine Exklusivit\u00e4t des Lieferanten (2 Jahre). Es werden nur retournierte mit dem Originalzapfen versehene Flaschen verg\u00fctet, die mindestens zu drei Vierteln voll sind.<\/p>\n<h3>12. Obliegenheiten des Kunden<\/h3>\n<p>Der Kunde garantiert, dass er gem\u00e4ss geltendem Recht zum Vertragsabschluss autorisiert ist, insbesondere, er das Mindestalter 16 Jahre f\u00fcr Weine und 18 Jahre f\u00fcr Spirituosen erf\u00fcllt. Es obliegt dem Kunden, die korrekte Lieferadresse und Telefonnummer einzugeben. Der Kunde hat die Lieferung sp\u00e4testens innert f\u00fcnf Arbeitstagen zu pr\u00fcfen. Schadhafte oder falsche Liefergegenst\u00e4nde sind f\u00fcr die R\u00fcckgabe zur Verf\u00fcgung von vinigma gmbh zu halten.<\/p>\n<h3>13. Haftungsausschluss<\/h3>\n<p>Eine Haftung seitens vinigma gmbh und ihrer Hilfspersonen f\u00fcr unmittelbare oder mittelbare Sch\u00e4den, Fehler oder sonstige Nachteile die dem Kunden aus der Inanspruchnahme der Bestellung, respektive dem Kauf der Ware oder Dienstleistung entstehen k\u00f6nnen, wird \u2013 soweit gesetzlich zul\u00e4ssig \u2013 wegbedungen.<\/p>\n<p>Jegliche Haftung im Zusammenhang mit unserem Angebot (insbesondere falsche Abbildungen, Texte und Preise) und der Lieferung ist, soweit das Gesetz es zul\u00e4sst, ausgeschlossen.<\/p>\n<h3>14. Immaterialg\u00fcterrechte<\/h3>\n<p>Der Kunde anerkennt, dass alle mit der Webseite \u00abwww.vinigma.ch\u00bb zusammenh\u00e4ngenden immateriellen Rechte an Namen\/Bezeichnungen, Designs, Konzepten und Software, unabh\u00e4ngig von deren spezialrechtlichen Sch\u00fctzbarkeit, im alleinigen Eigentum von vinigma gmbh stehen.<\/p>\n<h3>15. G\u00fcltigkeit<\/h3>\n<p>Diese AGBs k\u00f6nnen jederzeit und ohne Vorank\u00fcndigung ge\u00e4ndert werden.<\/p>\n<h3>17. Anwendbares Recht und Gerichtsstand<\/h3>\n<p>Das Mindestalter f\u00fcr Bestellungen ist 16 Jahre f\u00fcr Weine und 18 Jahre f\u00fcr Spirituosen. Es kommt materielles Schweizer Recht zur Anwendung. Das Wiener Kaufrecht wird explizit ausgeschlossen. Gerichtsstand f\u00fcr s\u00e4mtliche Rechtsstreitigkeiten ist Basel.<\/p>\n<p>im Januar 2018<br \/>\nvinigma gmbh Basel<\/p>\n<\/div><\/section><\/p><\/div>\n<style type=\"text\/css\" data-created_by=\"avia_inline_auto\" id=\"style-css-av-av_one_fifth-c8fc129dc35fd1ae2a1e410224d39ea8\">\n.flex_column.av-av_one_fifth-c8fc129dc35fd1ae2a1e410224d39ea8{\nborder-radius:0px 0px 0px 0px;\npadding:0px 0px 0px 0px;\n}\n<\/style>\n<div  class='flex_column av-av_one_fifth-c8fc129dc35fd1ae2a1e410224d39ea8 av_one_fifth  avia-builder-el-5  el_after_av_three_fifth  avia-builder-el-last  flex_column_div av-zero-column-padding  '     ><\/div>\n","protected":false},"excerpt":{"rendered":"","protected":false},"author":1,"featured_media":0,"parent":0,"menu_order":0,"comment_status":"closed","ping_status":"closed","template":"","meta":{"footnotes":""},"class_list":["post-1880","page","type-page","status-publish","hentry"],"yoast_head":"<!-- This site is optimized with the Yoast SEO plugin v27.4 - https:\/\/yoast.com\/product\/yoast-seo-wordpress\/ -->\n<title>Terms of delivery and purchase - vinigma<\/title>\n<meta name=\"robots\" content=\"index, follow, max-snippet:-1, max-image-preview:large, max-video-preview:-1\" \/>\n<link rel=\"canonical\" href=\"https:\/\/vinigma.ch\/en\/agb\/\" \/>\n<meta property=\"og:locale\" content=\"en_US\" \/>\n<meta property=\"og:type\" content=\"article\" \/>\n<meta property=\"og:title\" content=\"Terms of delivery and purchase - vinigma\" \/>\n<meta property=\"og:url\" content=\"https:\/\/vinigma.ch\/en\/agb\/\" \/>\n<meta property=\"og:site_name\" content=\"vinigma\" \/>\n<meta property=\"article:publisher\" content=\"https:\/\/www.facebook.com\/vinigma-229693107538858\/\" \/>\n<meta property=\"article:modified_time\" content=\"2019-01-10T14:42:32+00:00\" \/>\n<meta name=\"twitter:card\" content=\"summary_large_image\" \/>\n<meta name=\"twitter:label1\" content=\"Est. reading time\" \/>\n\t<meta name=\"twitter:data1\" content=\"7 minutes\" \/>\n<script type=\"application\/ld+json\" class=\"yoast-schema-graph\">{\"@context\":\"https:\\\/\\\/schema.org\",\"@graph\":[{\"@type\":\"WebPage\",\"@id\":\"https:\\\/\\\/vinigma.ch\\\/en\\\/agb\\\/\",\"url\":\"https:\\\/\\\/vinigma.ch\\\/en\\\/agb\\\/\",\"name\":\"Terms of delivery and purchase - vinigma\",\"isPartOf\":{\"@id\":\"https:\\\/\\\/vinigma.ch\\\/en\\\/#website\"},\"datePublished\":\"2017-12-21T13:10:40+00:00\",\"dateModified\":\"2019-01-10T14:42:32+00:00\",\"breadcrumb\":{\"@id\":\"https:\\\/\\\/vinigma.ch\\\/en\\\/agb\\\/#breadcrumb\"},\"inLanguage\":\"en-US\",\"potentialAction\":[{\"@type\":\"ReadAction\",\"target\":[\"https:\\\/\\\/vinigma.ch\\\/en\\\/agb\\\/\"]}]},{\"@type\":\"BreadcrumbList\",\"@id\":\"https:\\\/\\\/vinigma.ch\\\/en\\\/agb\\\/#breadcrumb\",\"itemListElement\":[{\"@type\":\"ListItem\",\"position\":1,\"name\":\"Startseite\",\"item\":\"https:\\\/\\\/vinigma.ch\\\/en\\\/vinigma\\\/\"},{\"@type\":\"ListItem\",\"position\":2,\"name\":\"Terms of delivery and purchase\"}]},{\"@type\":\"WebSite\",\"@id\":\"https:\\\/\\\/vinigma.ch\\\/en\\\/#website\",\"url\":\"https:\\\/\\\/vinigma.ch\\\/en\\\/\",\"name\":\"vinigma\",\"description\":\"Weine, Wissen, Reisen\",\"publisher\":{\"@id\":\"https:\\\/\\\/vinigma.ch\\\/en\\\/#organization\"},\"potentialAction\":[{\"@type\":\"SearchAction\",\"target\":{\"@type\":\"EntryPoint\",\"urlTemplate\":\"https:\\\/\\\/vinigma.ch\\\/en\\\/?s={search_term_string}\"},\"query-input\":{\"@type\":\"PropertyValueSpecification\",\"valueRequired\":true,\"valueName\":\"search_term_string\"}}],\"inLanguage\":\"en-US\"},{\"@type\":\"Organization\",\"@id\":\"https:\\\/\\\/vinigma.ch\\\/en\\\/#organization\",\"name\":\"vinigma GmbH\",\"url\":\"https:\\\/\\\/vinigma.ch\\\/en\\\/\",\"logo\":{\"@type\":\"ImageObject\",\"inLanguage\":\"en-US\",\"@id\":\"https:\\\/\\\/vinigma.ch\\\/en\\\/#\\\/schema\\\/logo\\\/image\\\/\",\"url\":\"https:\\\/\\\/vinigma.ch\\\/wp\\\/wp-content\\\/uploads\\\/2017\\\/09\\\/logo-vinigma.png\",\"contentUrl\":\"https:\\\/\\\/vinigma.ch\\\/wp\\\/wp-content\\\/uploads\\\/2017\\\/09\\\/logo-vinigma.png\",\"width\":300,\"height\":163,\"caption\":\"vinigma GmbH\"},\"image\":{\"@id\":\"https:\\\/\\\/vinigma.ch\\\/en\\\/#\\\/schema\\\/logo\\\/image\\\/\"},\"sameAs\":[\"https:\\\/\\\/www.facebook.com\\\/vinigma-229693107538858\\\/\"]}]}<\/script>\n<!-- \/ Yoast SEO plugin. -->","yoast_head_json":{"title":"Terms of delivery and purchase - vinigma","robots":{"index":"index","follow":"follow","max-snippet":"max-snippet:-1","max-image-preview":"max-image-preview:large","max-video-preview":"max-video-preview:-1"},"canonical":"https:\/\/vinigma.ch\/en\/agb\/","og_locale":"en_US","og_type":"article","og_title":"Terms of delivery and purchase - vinigma","og_url":"https:\/\/vinigma.ch\/en\/agb\/","og_site_name":"vinigma","article_publisher":"https:\/\/www.facebook.com\/vinigma-229693107538858\/","article_modified_time":"2019-01-10T14:42:32+00:00","twitter_card":"summary_large_image","twitter_misc":{"Est. reading time":"7 minutes"},"schema":{"@context":"https:\/\/schema.org","@graph":[{"@type":"WebPage","@id":"https:\/\/vinigma.ch\/en\/agb\/","url":"https:\/\/vinigma.ch\/en\/agb\/","name":"Terms of delivery and purchase - vinigma","isPartOf":{"@id":"https:\/\/vinigma.ch\/en\/#website"},"datePublished":"2017-12-21T13:10:40+00:00","dateModified":"2019-01-10T14:42:32+00:00","breadcrumb":{"@id":"https:\/\/vinigma.ch\/en\/agb\/#breadcrumb"},"inLanguage":"en-US","potentialAction":[{"@type":"ReadAction","target":["https:\/\/vinigma.ch\/en\/agb\/"]}]},{"@type":"BreadcrumbList","@id":"https:\/\/vinigma.ch\/en\/agb\/#breadcrumb","itemListElement":[{"@type":"ListItem","position":1,"name":"Startseite","item":"https:\/\/vinigma.ch\/en\/vinigma\/"},{"@type":"ListItem","position":2,"name":"Terms of delivery and purchase"}]},{"@type":"WebSite","@id":"https:\/\/vinigma.ch\/en\/#website","url":"https:\/\/vinigma.ch\/en\/","name":"vinigma","description":"Weine, Wissen, Reisen","publisher":{"@id":"https:\/\/vinigma.ch\/en\/#organization"},"potentialAction":[{"@type":"SearchAction","target":{"@type":"EntryPoint","urlTemplate":"https:\/\/vinigma.ch\/en\/?s={search_term_string}"},"query-input":{"@type":"PropertyValueSpecification","valueRequired":true,"valueName":"search_term_string"}}],"inLanguage":"en-US"},{"@type":"Organization","@id":"https:\/\/vinigma.ch\/en\/#organization","name":"vinigma GmbH","url":"https:\/\/vinigma.ch\/en\/","logo":{"@type":"ImageObject","inLanguage":"en-US","@id":"https:\/\/vinigma.ch\/en\/#\/schema\/logo\/image\/","url":"https:\/\/vinigma.ch\/wp\/wp-content\/uploads\/2017\/09\/logo-vinigma.png","contentUrl":"https:\/\/vinigma.ch\/wp\/wp-content\/uploads\/2017\/09\/logo-vinigma.png","width":300,"height":163,"caption":"vinigma GmbH"},"image":{"@id":"https:\/\/vinigma.ch\/en\/#\/schema\/logo\/image\/"},"sameAs":["https:\/\/www.facebook.com\/vinigma-229693107538858\/"]}]}},"_links":{"self":[{"href":"https:\/\/vinigma.ch\/en\/wp-json\/wp\/v2\/pages\/1880","targetHints":{"allow":["GET"]}}],"collection":[{"href":"https:\/\/vinigma.ch\/en\/wp-json\/wp\/v2\/pages"}],"about":[{"href":"https:\/\/vinigma.ch\/en\/wp-json\/wp\/v2\/types\/page"}],"author":[{"embeddable":true,"href":"https:\/\/vinigma.ch\/en\/wp-json\/wp\/v2\/users\/1"}],"replies":[{"embeddable":true,"href":"https:\/\/vinigma.ch\/en\/wp-json\/wp\/v2\/comments?post=1880"}],"version-history":[{"count":0,"href":"https:\/\/vinigma.ch\/en\/wp-json\/wp\/v2\/pages\/1880\/revisions"}],"wp:attachment":[{"href":"https:\/\/vinigma.ch\/en\/wp-json\/wp\/v2\/media?parent=1880"}],"curies":[{"name":"wp","href":"https:\/\/api.w.org\/{rel}","templated":true}]}}